{"id":13932,"date":"2015-03-23T12:29:01","date_gmt":"2015-03-23T10:29:01","guid":{"rendered":"https:\/\/ra-juedemann.de\/rechtsanwalt-pro-bono-kostenlose-erstberatung\/"},"modified":"2022-06-24T13:33:44","modified_gmt":"2022-06-24T11:33:44","slug":"rechtsanwalt-pro-bono-kostenlose-erstberatung","status":"publish","type":"page","link":"https:\/\/ra-juedemann.de\/en\/rechtsanwalt-pro-bono-kostenlose-erstberatung\/","title":{"rendered":"pro bono"},"content":{"rendered":"<p>[et_pb_section fb_built=&#8221;1&#8243; fullwidth=&#8221;on&#8221; _builder_version=&#8221;4.16&#8243; _module_preset=&#8221;default&#8221; global_colors_info=&#8221;{}&#8221;][et_pb_fullwidth_header title=&#8221;Pro Bono&#8221; admin_label=&#8221;Vollbreite Kopfzeile&#8221; _builder_version=&#8221;4.16&#8243; _module_preset=&#8221;default&#8221; title_font_size=&#8221;40px&#8221; title_letter_spacing=&#8221;2px&#8221; background_image=&#8221;https:\/\/ra-juedemann.de\/wp-content\/uploads\/2019\/04\/ANWALT_URHEBERRECHT_BERLIN-1.jpg&#8221; global_colors_info=&#8221;{}&#8221;][\/et_pb_fullwidth_header][\/et_pb_section][et_pb_section fb_built=&#8221;1&#8243; _builder_version=&#8221;4.16&#8243; global_colors_info=&#8221;{}&#8221;][et_pb_row admin_label=&#8221;Zeile&#8221; _builder_version=&#8221;4.16&#8243; background_size=&#8221;initial&#8221; background_position=&#8221;top_left&#8221; background_repeat=&#8221;repeat&#8221; collapsed=&#8221;off&#8221; global_colors_info=&#8221;{}&#8221;][et_pb_column type=&#8221;4_4&#8243; _builder_version=&#8221;4.16&#8243; custom_padding=&#8221;|||&#8221; global_colors_info=&#8221;{}&#8221; custom_padding__hover=&#8221;|||&#8221;][et_pb_text _builder_version=&#8221;4.16&#8243; background_size=&#8221;initial&#8221; background_position=&#8221;top_left&#8221; background_repeat=&#8221;repeat&#8221; global_colors_info=&#8221;{}&#8221;]<\/p>\n<p>Pro Bono<\/p>\n<p>Good legal advice is precious and sometimes expensive. Not everyone can afford it &#8211; so it is often the weakest among us who need help.<\/p>\n<p>Sometimes ideas and projects need support and advice &#8211; especially in the beginning &#8211; when there are no sufficient funds.<\/p>\n<p>Many law firms therefore work pro bono &#8211; that is, without charging fees &#8211; in certain cases.<\/p>\n<p>We do too. Among other things, Attorney J\u00fcdemann has been representing homeless people who ask for help through the Jenny de la Torre Foundation in criminal proceedings for years.<\/p>\n<p>Since February 2018, lawyer Kai J\u00fcdemann has been offering free initial advice to start-ups, musicians and other artists and creatives. On copyright and media law, trademark law, competition law, corporate law and related topics. The free consultation currently takes place by appointment in our office. Fridays, 13:00 to 16:00.<\/p>\n<p>Because everyone should give something away. Sharing is Caring!<\/p>\n<p>Translated with www.DeepL.com\/Translator (free version)<\/p>\n<p style=\"text-align: justify;\">\n<p>&nbsp;<\/p>\n<p><!-- ProvenExpert ProSeal Widget --><br \/><noscript><br \/><a href=\"https:\/\/www.provenexpert.com\/de-de\/juedemann-rechtsanwaelte?utm_source=seals&#038;utm_campaign=proseal&#038;utm_medium=profile&#038;utm_content=juedemann-rechtsanwaelte\" target=\"_blank\" title=\"Kundenbewertungen &#038; Erfahrungen zu J\u00fcdemann Rechtsanw\u00e4lte. \" class=\"pe-pro-seal-more-infos\" rel=\"noopener\">Mehr Infos<\/a><br \/><\/noscript><\/p>\n<p>\n<script src=\"https:\/\/s.provenexpert.net\/seals\/proseal.js\"><\/script><br \/>\n<script id=\"proSeal\">      window.addEventListener('load', function(event) {          window.provenExpert.proSeal({            widgetId: \"f1df6db4-a9a9-467d-88f4-6084b3ecbf17\",            language:\"de-DE\",            bannerColor: \"#0DB1CD\",            textColor: \"#FFFFFF\",            showReviews: true,            hideDate: false,            hideName: false,            bottom: \"130px\",            stickyToSide: \"right\",            googleStars: true,            zIndex: \"9999\",          })      });<\/script>\n<\/p>\n<p><!-- ProvenExpert ProSeal Widget --><\/p>\n<p>[\/et_pb_text][\/et_pb_column][\/et_pb_row][\/et_pb_section]<\/p>\n","protected":false},"excerpt":{"rendered":"<p>Pro Bono Good legal advice is precious and sometimes expensive. Not everyone can afford it &#8211; so it is often the weakest among us who need help. Sometimes ideas and projects need support and advice &#8211; especially in the beginning &#8211; when there are no sufficient funds. Many law firms therefore work pro bono &#8211; [&hellip;]<\/p>\n","protected":false},"author":3,"featured_media":0,"parent":0,"menu_order":2,"comment_status":"closed","ping_status":"closed","template":"","meta":{"_et_pb_use_builder":"on","_et_pb_old_content":"<p>\u00a0<\/p><p style=\"text-align: justify;\"><span style=\"font-family: arial, helvetica, sans-serif; font-size: 12pt;\">Gute anwaltliche T\u00e4tigkeit ist kostbar und manchmal kostspielig. Nicht jeder kann sie sich leisten - daher sind es oftmals die Schw\u00e4chsten unter uns, denen geholfen werden muss. Oder Ideen, die Unterst\u00fctzung und Rat brauchen.<\/span><\/p><p style=\"text-align: justify;\"><span style=\"font-family: arial, helvetica, sans-serif; font-size: 12pt;\">Viele Kanzleien arbeiten daher\u00a0in bestimmten F\u00e4llen pro bono - also ohne Geb\u00fchren zu verlangen.<\/span><\/p><p style=\"text-align: justify;\"><span style=\"font-family: arial, helvetica, sans-serif; font-size: 12pt;\">Wir auch. Rechtsanwalt J\u00fcdemann vertritt u.a. seit Jahren Obdachlose, die \u00fcber die <strong><a href=\"http:\/\/www.delatorre-stiftung.de\/\">Jenny de la Torre Stiftung\u00a0<\/a><\/strong>um Hilfe anfragen, in Strafverfahren.<\/span><\/p><p><span style=\"font-size: 12pt; font-family: arial, helvetica, sans-serif;\">Seit Februar 2018 bietet Rechtsanwalt Kai J\u00fcdemann kostenlose Erstberatung f\u00fcr Start-Ups, Musiker und andere K\u00fcnstler und Kreative auf dem Gel\u00e4nde des Holzmarkts an. Zum Urheber- und Medienrecht, Markenrecht, Wettbewerbsrecht, Gesellschaftsrecht und verwandten Themen.\u00a0<span style=\"color: #800000;\">Wegen Corona sind wir ein wenig r\u00e4umlich eingeschr\u00e4nkt, die Beratung geht aber weiter.<\/span><\/span><\/p><p><span style=\"font-family: arial, helvetica, sans-serif; font-size: 12pt;\">Jede Freitag ab 15:00 Uhr im<a href=\"https:\/\/www2.holzmarkt.com\/home\"> Hau<span style=\"color: #008000;\">s Dampf.\u00a0 \u00a0<\/span><\/a><\/span><\/p><p style=\"text-align: justify;\"><span style=\"color: #800000; font-family: arial, helvetica, sans-serif; font-size: 12pt;\">Weil jeder etwas abgeben sollte. Sharing is Caring!<\/span><\/p><p>\u00a0<\/p><p>\u00a0<\/p>","_et_gb_content_width":"","footnotes":""},"class_list":["post-13932","page","type-page","status-publish","hentry"],"yoast_head":"<!-- This site is optimized with the Yoast SEO plugin v27.5 - https:\/\/yoast.com\/product\/yoast-seo-wordpress\/ -->\n<title>pro bono<\/title>\n<meta name=\"description\" content=\"Pro Bono - Freitags Kostenlose Rechtsberatung Urheberrecht, Medienrecht, Markenrecht, Designrecht, Musikrecht\" \/>\n<meta name=\"robots\" content=\"index, follow, max-snippet:-1, max-image-preview:large, max-video-preview:-1\" \/>\n<link rel=\"canonical\" href=\"https:\/\/ra-juedemann.de\/en\/rechtsanwalt-pro-bono-kostenlose-erstberatung\/\" \/>\n<meta property=\"og:locale\" content=\"en_US\" \/>\n<meta property=\"og:type\" content=\"article\" \/>\n<meta property=\"og:title\" content=\"pro bono\" \/>\n<meta property=\"og:description\" content=\"Pro Bono - Freitags Kostenlose Rechtsberatung Urheberrecht, Medienrecht, Markenrecht, Designrecht, Musikrecht\" \/>\n<meta property=\"og:url\" content=\"https:\/\/ra-juedemann.de\/en\/rechtsanwalt-pro-bono-kostenlose-erstberatung\/\" \/>\n<meta property=\"og:site_name\" content=\"J\u00fcdemann Rechtsanw\u00e4lte\" \/>\n<meta property=\"article:modified_time\" content=\"2022-06-24T11:33:44+00:00\" \/>\n<meta name=\"twitter:label1\" content=\"Est. reading time\" \/>\n\t<meta name=\"twitter:data1\" content=\"1 minute\" \/>\n<script type=\"application\/ld+json\" class=\"yoast-schema-graph\">{\"@context\":\"https:\\\/\\\/schema.org\",\"@graph\":[{\"@type\":\"WebPage\",\"@id\":\"https:\\\/\\\/ra-juedemann.de\\\/en\\\/rechtsanwalt-pro-bono-kostenlose-erstberatung\\\/\",\"url\":\"https:\\\/\\\/ra-juedemann.de\\\/en\\\/rechtsanwalt-pro-bono-kostenlose-erstberatung\\\/\",\"name\":\"pro bono\",\"isPartOf\":{\"@id\":\"https:\\\/\\\/ra-juedemann.de\\\/#website\"},\"datePublished\":\"2015-03-23T10:29:01+00:00\",\"dateModified\":\"2022-06-24T11:33:44+00:00\",\"description\":\"Pro Bono - Freitags Kostenlose Rechtsberatung Urheberrecht, Medienrecht, Markenrecht, Designrecht, Musikrecht\",\"breadcrumb\":{\"@id\":\"https:\\\/\\\/ra-juedemann.de\\\/en\\\/rechtsanwalt-pro-bono-kostenlose-erstberatung\\\/#breadcrumb\"},\"inLanguage\":\"en-US\",\"potentialAction\":[{\"@type\":\"ReadAction\",\"target\":[\"https:\\\/\\\/ra-juedemann.de\\\/en\\\/rechtsanwalt-pro-bono-kostenlose-erstberatung\\\/\"]}]},{\"@type\":\"BreadcrumbList\",\"@id\":\"https:\\\/\\\/ra-juedemann.de\\\/en\\\/rechtsanwalt-pro-bono-kostenlose-erstberatung\\\/#breadcrumb\",\"itemListElement\":[{\"@type\":\"ListItem\",\"position\":1,\"name\":\"Home\",\"item\":\"https:\\\/\\\/ra-juedemann.de\\\/en\\\/\"},{\"@type\":\"ListItem\",\"position\":2,\"name\":\"pro bono\"}]},{\"@type\":\"WebSite\",\"@id\":\"https:\\\/\\\/ra-juedemann.de\\\/#website\",\"url\":\"https:\\\/\\\/ra-juedemann.de\\\/\",\"name\":\"J\u00fcdemann Rechtsanw\u00e4lte\",\"description\":\"Anwalt f\u00fcr Medien- und Urheberrecht in Berlin\",\"publisher\":{\"@id\":\"https:\\\/\\\/ra-juedemann.de\\\/#organization\"},\"potentialAction\":[{\"@type\":\"SearchAction\",\"target\":{\"@type\":\"EntryPoint\",\"urlTemplate\":\"https:\\\/\\\/ra-juedemann.de\\\/?s={search_term_string}\"},\"query-input\":{\"@type\":\"PropertyValueSpecification\",\"valueRequired\":true,\"valueName\":\"search_term_string\"}}],\"inLanguage\":\"en-US\"},{\"@type\":\"Organization\",\"@id\":\"https:\\\/\\\/ra-juedemann.de\\\/#organization\",\"name\":\"J\u00dcDEMANN RECHTSANW\u00c4LTE\",\"url\":\"https:\\\/\\\/ra-juedemann.de\\\/\",\"logo\":{\"@type\":\"ImageObject\",\"inLanguage\":\"en-US\",\"@id\":\"https:\\\/\\\/ra-juedemann.de\\\/#\\\/schema\\\/logo\\\/image\\\/\",\"url\":\"https:\\\/\\\/ra-juedemann.de\\\/wp-content\\\/uploads\\\/2019\\\/05\\\/IMG_7727.jpg\",\"contentUrl\":\"https:\\\/\\\/ra-juedemann.de\\\/wp-content\\\/uploads\\\/2019\\\/05\\\/IMG_7727.jpg\",\"width\":992,\"height\":768,\"caption\":\"J\u00dcDEMANN RECHTSANW\u00c4LTE\"},\"image\":{\"@id\":\"https:\\\/\\\/ra-juedemann.de\\\/#\\\/schema\\\/logo\\\/image\\\/\"}}]}<\/script>\n<!-- \/ Yoast SEO plugin. -->","yoast_head_json":{"title":"pro bono","description":"Pro Bono - Freitags Kostenlose Rechtsberatung Urheberrecht, Medienrecht, Markenrecht, Designrecht, Musikrecht","robots":{"index":"index","follow":"follow","max-snippet":"max-snippet:-1","max-image-preview":"max-image-preview:large","max-video-preview":"max-video-preview:-1"},"canonical":"https:\/\/ra-juedemann.de\/en\/rechtsanwalt-pro-bono-kostenlose-erstberatung\/","og_locale":"en_US","og_type":"article","og_title":"pro bono","og_description":"Pro Bono - Freitags Kostenlose Rechtsberatung Urheberrecht, Medienrecht, Markenrecht, Designrecht, Musikrecht","og_url":"https:\/\/ra-juedemann.de\/en\/rechtsanwalt-pro-bono-kostenlose-erstberatung\/","og_site_name":"J\u00fcdemann Rechtsanw\u00e4lte","article_modified_time":"2022-06-24T11:33:44+00:00","twitter_misc":{"Est. reading time":"1 minute"},"schema":{"@context":"https:\/\/schema.org","@graph":[{"@type":"WebPage","@id":"https:\/\/ra-juedemann.de\/en\/rechtsanwalt-pro-bono-kostenlose-erstberatung\/","url":"https:\/\/ra-juedemann.de\/en\/rechtsanwalt-pro-bono-kostenlose-erstberatung\/","name":"pro bono","isPartOf":{"@id":"https:\/\/ra-juedemann.de\/#website"},"datePublished":"2015-03-23T10:29:01+00:00","dateModified":"2022-06-24T11:33:44+00:00","description":"Pro Bono - Freitags Kostenlose Rechtsberatung Urheberrecht, Medienrecht, Markenrecht, Designrecht, Musikrecht","breadcrumb":{"@id":"https:\/\/ra-juedemann.de\/en\/rechtsanwalt-pro-bono-kostenlose-erstberatung\/#breadcrumb"},"inLanguage":"en-US","potentialAction":[{"@type":"ReadAction","target":["https:\/\/ra-juedemann.de\/en\/rechtsanwalt-pro-bono-kostenlose-erstberatung\/"]}]},{"@type":"BreadcrumbList","@id":"https:\/\/ra-juedemann.de\/en\/rechtsanwalt-pro-bono-kostenlose-erstberatung\/#breadcrumb","itemListElement":[{"@type":"ListItem","position":1,"name":"Home","item":"https:\/\/ra-juedemann.de\/en\/"},{"@type":"ListItem","position":2,"name":"pro bono"}]},{"@type":"WebSite","@id":"https:\/\/ra-juedemann.de\/#website","url":"https:\/\/ra-juedemann.de\/","name":"J\u00fcdemann Rechtsanw\u00e4lte","description":"Anwalt f\u00fcr Medien- und Urheberrecht in Berlin","publisher":{"@id":"https:\/\/ra-juedemann.de\/#organization"},"potentialAction":[{"@type":"SearchAction","target":{"@type":"EntryPoint","urlTemplate":"https:\/\/ra-juedemann.de\/?s={search_term_string}"},"query-input":{"@type":"PropertyValueSpecification","valueRequired":true,"valueName":"search_term_string"}}],"inLanguage":"en-US"},{"@type":"Organization","@id":"https:\/\/ra-juedemann.de\/#organization","name":"J\u00dcDEMANN RECHTSANW\u00c4LTE","url":"https:\/\/ra-juedemann.de\/","logo":{"@type":"ImageObject","inLanguage":"en-US","@id":"https:\/\/ra-juedemann.de\/#\/schema\/logo\/image\/","url":"https:\/\/ra-juedemann.de\/wp-content\/uploads\/2019\/05\/IMG_7727.jpg","contentUrl":"https:\/\/ra-juedemann.de\/wp-content\/uploads\/2019\/05\/IMG_7727.jpg","width":992,"height":768,"caption":"J\u00dcDEMANN RECHTSANW\u00c4LTE"},"image":{"@id":"https:\/\/ra-juedemann.de\/#\/schema\/logo\/image\/"}}]}},"_links":{"self":[{"href":"https:\/\/ra-juedemann.de\/en\/wp-json\/wp\/v2\/pages\/13932","targetHints":{"allow":["GET"]}}],"collection":[{"href":"https:\/\/ra-juedemann.de\/en\/wp-json\/wp\/v2\/pages"}],"about":[{"href":"https:\/\/ra-juedemann.de\/en\/wp-json\/wp\/v2\/types\/page"}],"author":[{"embeddable":true,"href":"https:\/\/ra-juedemann.de\/en\/wp-json\/wp\/v2\/users\/3"}],"replies":[{"embeddable":true,"href":"https:\/\/ra-juedemann.de\/en\/wp-json\/wp\/v2\/comments?post=13932"}],"version-history":[{"count":0,"href":"https:\/\/ra-juedemann.de\/en\/wp-json\/wp\/v2\/pages\/13932\/revisions"}],"wp:attachment":[{"href":"https:\/\/ra-juedemann.de\/en\/wp-json\/wp\/v2\/media?parent=13932"}],"curies":[{"name":"wp","href":"https:\/\/api.w.org\/{rel}","templated":true}]}}