{"id":13885,"date":"2021-01-27T11:53:11","date_gmt":"2021-01-27T09:53:11","guid":{"rendered":"https:\/\/ra-juedemann.de\/anwalt-gesellschaftsrecht-berlin\/"},"modified":"2021-08-27T11:33:59","modified_gmt":"2021-08-27T09:33:59","slug":"anwalt-gesellschaftsrecht-berlin","status":"publish","type":"page","link":"https:\/\/ra-juedemann.de\/en\/anwalt-gesellschaftsrecht-berlin\/","title":{"rendered":"Anwalt f\u00fcr Gesellschaftsrecht"},"content":{"rendered":"<p>[et_pb_section fb_built=&#8221;1&#8243; fullwidth=&#8221;on&#8221; _builder_version=&#8221;4.6.6&#8243; _module_preset=&#8221;default&#8221;][et_pb_fullwidth_header subhead=&#8221;Anwalt f\u00fcr Gesellschaftsrecht Berlin&#8221; button_one_text=&#8221;KONTAKT&#8221; button_one_url=&#8221;\/kontakt&#8221; button_two_text=&#8221;TEAM&#8221; button_two_url=&#8221;\/team&#8221; background_overlay_color=&#8221;rgba(0,0,0,0.48)&#8221; logo_image_url=&#8221;https:\/\/ra-juedemann.de\/wp-content\/uploads\/2021\/01\/RA_JUEDEMANN_logo-white.png&#8221; logo_alt_text=&#8221;Anwalt f\u00fcr Gesellschaftsrecht &#8211; Wir beraten und vertreten Sie in gesellschaftsrechtlichen Angelegenheiten. Unsere Leistungen richten sich an Start-Ups sowie kleine und mittelst\u00e4ndische Unternehmen.&#8221; logo_title=&#8221;Anwalt f\u00fcr Gesellschaftsrecht &#8211; Wir beraten und vertreten Sie in gesellschaftsrechtlichen Angelegenheiten. Unsere Leistungen richten sich an Start-Ups sowie kleine und mittelst\u00e4ndische Unternehmen.&#8221; _builder_version=&#8221;4.8.2&#8243; _module_preset=&#8221;default&#8221; title_font=&#8221;||||||||&#8221; title_font_size=&#8221;40px&#8221; title_letter_spacing=&#8221;2px&#8221; subhead_font=&#8221;||||||||&#8221; subhead_font_size=&#8221;22px&#8221; subhead_letter_spacing=&#8221;1px&#8221; background_enable_color=&#8221;off&#8221; background_image=&#8221;https:\/\/ra-juedemann.de\/wp-content\/uploads\/2021\/01\/HEADER_ra_juedemann_gesellschaftsrecht.jpg&#8221; background_position=&#8221;top_center&#8221; custom_button_one=&#8221;on&#8221; button_one_text_color=&#8221;#80bc02 &#8221; button_one_bg_color=&#8221;#ffffff&#8221; button_one_custom_margin=&#8221;50px||||false|false&#8221; custom_padding=&#8221;12%||10%||false|false&#8221; box_shadow_style_button_one=&#8221;preset3&#8243;][\/et_pb_fullwidth_header][\/et_pb_section][et_pb_section fb_built=&#8221;1&#8243; _builder_version=&#8221;4.6.6&#8243; _module_preset=&#8221;default&#8221; custom_padding=&#8221;1px||2px|||&#8221;][et_pb_row column_structure=&#8221;2_3,1_3&#8243; _builder_version=&#8221;4.8.2&#8243; _module_preset=&#8221;default&#8221; custom_margin=&#8221;|auto||auto|false|false&#8221; custom_padding=&#8221;30px||30px||false|false&#8221;][et_pb_column type=&#8221;2_3&#8243; _builder_version=&#8221;4.6.6&#8243; _module_preset=&#8221;default&#8221;][et_pb_text _builder_version=&#8221;4.9.1&#8243; _module_preset=&#8221;default&#8221; header_text_color=&#8221;#80BC02&#8243; header_2_text_color=&#8221;#80bc02 &#8220;]<\/p>\n<h1>Anwalt f\u00fcr Gesellschaftsrecht<\/h1>\n<p>Wir beraten und vertreten Sie in gesellschaftsrechtlichen Angelegenheiten. Unsere Leistungen richten sich an<strong> Start-Ups<\/strong> sowie<strong> kleine und mittelst\u00e4ndische Unternehmen<\/strong> (KMU).<\/p>\n<p>Unser Leistungsspektrum reicht von <strong>Gestaltungen in der Gr\u00fcndungsphase von Personen- und Kapitalgesellschaften<\/strong>, \u00fcber ihre <strong>Umwandlung und Aufl\u00f6sung<\/strong>, bis hin zu Ihrer <strong>au\u00dfergerichtlichen sowie gerichtlichen Vertretung im Falle gesellschaftsrechtlicher Konflikte<\/strong>.<\/p>\n<p>[\/et_pb_text][\/et_pb_column][et_pb_column type=&#8221;1_3&#8243; _builder_version=&#8221;4.7.7&#8243; _module_preset=&#8221;default&#8221; background_color=&#8221;#ffffff&#8221;][et_pb_image src=&#8221;https:\/\/ra-juedemann.de\/wp-content\/uploads\/2019\/05\/portrait-sw.jpg&#8221; alt=&#8221;Anwalt f\u00fcr Gesellschaftsrecht &#8211; Wir beraten und vertreten Sie in gesellschaftsrechtlichen Angelegenheiten. Unsere Leistungen richten sich an Start-Ups sowie kleine und mittelst\u00e4ndische Unternehmen.&#8221; title_text=&#8221;Anwalt f\u00fcr Gesellschaftsrecht &#8211; Wir beraten und vertreten Sie in gesellschaftsrechtlichen Angelegenheiten. Unsere Leistungen richten sich an Start-Ups sowie kleine und mittelst\u00e4ndische Unternehmen.&#8221; align=&#8221;right&#8221; _builder_version=&#8221;4.8.2&#8243; _module_preset=&#8221;default&#8221; custom_margin=&#8221;|||-18px||&#8221;][\/et_pb_image][\/et_pb_column][\/et_pb_row][et_pb_row column_structure=&#8221;3_5,2_5&#8243; _builder_version=&#8221;4.7.7&#8243; _module_preset=&#8221;default&#8221; background_color=&#8221;#eeeeee&#8221; custom_padding=&#8221;30px|30px|30px|30px|false|false&#8221;][et_pb_column type=&#8221;3_5&#8243; _builder_version=&#8221;4.7.7&#8243; _module_preset=&#8221;default&#8221;][et_pb_image src=&#8221;https:\/\/ra-juedemann.de\/wp-content\/uploads\/2021\/01\/RA_JUEDEMANN_logo-1-2.png&#8221; alt=&#8221;Proven Expert RA J\u00fcdemann &#8211; Anwalt f\u00fcr Medienrecht in Berlin&#8221; title_text=&#8221;RA_JUEDEMANN_logo-1&#8243; url=&#8221;https:\/\/ra-juedemann.de\/&#8221; show_bottom_space=&#8221;off&#8221; _builder_version=&#8221;4.9.1&#8243; _module_preset=&#8221;default&#8221; max_width=&#8221;71%&#8221; custom_margin=&#8221;|-6px||-11px|false|false&#8221; custom_padding=&#8221;||||false|false&#8221;][\/et_pb_image][et_pb_text admin_label=&#8221;Text&#8221; _builder_version=&#8221;4.6.6&#8243; _module_preset=&#8221;default&#8221;]<\/p>\n<p>Schl\u00fcterstra\u00dfe 37, D-10629 Berlin, (direkt am Kurf\u00fcrstendamm)<br \/><strong>Tel:<\/strong>\u00a0 030 88 70 23 80 | <strong>Fax:<\/strong> 030 88 70 23 85<\/p>\n<p><span id=\"et-info-email\"> <a href=\"mailto:kanzlei@ra-juedemann.de\">kanzlei@ra-juedemann.de<\/a><\/span><\/p>\n<p>[\/et_pb_text][\/et_pb_column][et_pb_column type=&#8221;2_5&#8243; _builder_version=&#8221;4.7.7&#8243; _module_preset=&#8221;default&#8221;][et_pb_image src=&#8221;https:\/\/ra-juedemann.de\/wp-content\/uploads\/2020\/11\/provenexpert-logo.png&#8221; alt=&#8221;Proven Expert RA J\u00fcdemann &#8211; Anwalt f\u00fcr Medienrecht in Berlin&#8221; title_text=&#8221;provenexpert-logo&#8221; show_bottom_space=&#8221;off&#8221; align=&#8221;center&#8221; _builder_version=&#8221;4.7.7&#8243; _module_preset=&#8221;default&#8221; width=&#8221;75%&#8221; custom_margin=&#8221;|||20px|false|false&#8221; custom_padding=&#8221;30px||||false|false&#8221;][\/et_pb_image][et_pb_code _builder_version=&#8221;4.7.7&#8243; _module_preset=&#8221;default&#8221; text_orientation=&#8221;center&#8221; module_alignment=&#8221;center&#8221;]<!-- ProvenExpert Bewertungssiegel --><!-- [et_pb_line_break_holder] --><\/p>\n<div class=\"pe-richsnippets\"><!-- 3600\/3600 --><a id=\"pe_rating\" class=\"pe_g pe_b\" title=\"Kundenbewertungen &#038; Erfahrungen zu J\u00fcdemann Rechtsanw\u00e4lte. Mehr Infos anzeigen.\" href=\"https:\/\/www.provenexpert.com\/juedemann-rechtsanwaelte\/\" target=\"_blank\" rel=\"noopener noreferrer\"> <span id=\"pe_name\"> J\u00fcdemann Rechtsanw\u00e4lte Fachanwalt Urheberrecht Medienrecht Markenrecht Wettbewerbsrecht <\/span> <span id=\"pe_stars\"> <span style=\"width: 100%;\"> hat 4,92 von 5 Sternen <\/span> <\/span> <span class=\"pe_u\"> 369 Bewertungen auf ProvenExpert.com <\/span> <\/a><\/div>\n<p><!-- [et_pb_line_break_holder] --><script type=\"text\/javascript\" src=\"https:\/\/www.provenexpert.com\/widget\/richsnippet.js?u=18zpjRQBlVwplWUA3pGpmRQA48TA1LQB&#038;v=2\" async=\"\"><\/script>[\/et_pb_code][\/et_pb_column][\/et_pb_row][et_pb_row _builder_version=&#8221;4.7.7&#8243; _module_preset=&#8221;default&#8221; custom_padding=&#8221;||0px||false|false&#8221;][et_pb_column type=&#8221;4_4&#8243; _builder_version=&#8221;4.7.7&#8243; _module_preset=&#8221;default&#8221;][et_pb_text _builder_version=&#8221;4.8.1&#8243; _module_preset=&#8221;default&#8221; header_2_text_color=&#8221;#80bc02 &#8221; custom_padding=&#8221;||30px||false|false&#8221;]<\/p>\n<h2>Kernaspekte des Gesellschaftsrechts<\/h2>\n<p>Wesentlicher Aspekt des Gesellschaftsrechts und damit der diesbez\u00fcglichen Rechtsberatung ist die Phase der Planung und Gr\u00fcndung einer Gesellschaft. Hier stellen sich stets essentielle Fragen z.B. zur Wahl der Rechtsform, der rechtlichen Ausgestaltung der internen Beziehungen (Gesellschaftervertrag) und der Finanzierung. Bereits in dieser Fr\u00fchphase unternehmerischen Handelns werden entscheidende Weichen f\u00fcr den sp\u00e4teren Erfolg gelegt.<\/p>\n<p>Ist eine Gesellschaft nach der Gr\u00fcndung schlie\u00dflich im Gesch\u00e4ftsverkehr t\u00e4tig, k\u00f6nnen sich mannigfaltige gesellschaftsrechtliche Fragestellungen und Konflikte ergeben. Dazu z\u00e4hlen interne Konflikte zwischen Gesellschaftern, Haftungsfragen, Fragestellungen im Zusammenhang mit der Umwandlung und Ver\u00e4u\u00dferung von Gesellschaften (Mergers &amp; Acquisitions = M&amp;A).<\/p>\n<p>Schlie\u00dflich ergeben sich weitere Kernaspekte des Gesellschaftsrechts bei der Aufl\u00f6sung, Liquidation und Beendigung von Gesellschaften. Hier sind die rechtlichen und wirtschaftlichen Verh\u00e4ltnisse einer Gesellschaft strukturiert abzuwickeln etwa durch die Fassung eine Aufl\u00f6sungsbeschlusses oder die Bestellung eines Liquidators, der offene Forderungen einzieht, f\u00fcr die Begleichung von Verbindlichkeiten Sorge tr\u00e4gt und alle Verm\u00f6genswerte in Geld umsetzt.<\/p>\n<p>[\/et_pb_text][\/et_pb_column][\/et_pb_row][et_pb_row _builder_version=&#8221;4.7.7&#8243; _module_preset=&#8221;default&#8221; custom_padding=&#8221;||0px||false|false&#8221;][et_pb_column type=&#8221;4_4&#8243; _builder_version=&#8221;4.7.7&#8243; _module_preset=&#8221;default&#8221;][et_pb_text ul_type=&#8221;square&#8221; _builder_version=&#8221;4.9.1&#8243; _module_preset=&#8221;default&#8221; ul_font_size=&#8221;16px&#8221; ul_line_height=&#8221;1.7em&#8221; header_2_font=&#8221;|||on|||||&#8221; header_2_text_color=&#8221;#80bc02 &#8221; header_3_font=&#8221;||||||||&#8221; header_3_text_color=&#8221;#80bc02&#8243; background_color=&#8221;#eeeeee&#8221; custom_margin=&#8221;||||false|false&#8221; custom_padding=&#8221;30px|30px|30px|30px|false|false&#8221;]<\/p>\n<h2><strong>Unsere Leistungen<\/strong><\/h2>\n<p><strong>Wir bieten Ihnen ein breites Spektrum an Leistungen im Gesellschaftsrecht:<\/strong><\/p>\n<ul>\n<li>Gesellschaftsvertr\u00e4ge (Gestaltung und Begutachtung)<\/li>\n<li>Unternehmensgr\u00fcndung (Rechtsformberatung)<\/li>\n<li>Beratung zu gesellschaftsrechtlichen Fragestellungen bei Personen- und Kapitalgesellschaften (GbR, OHG, KG, GmbH etc.), z.B. bei Kapitalerh\u00f6hungen oder zu Haftungsfragen<\/li>\n<li>Beratung und Vertretung bei Gesellschafterkonflikten<\/li>\n<li>Au\u00dfergerichtliche und gerichtliche Vertretung von Gesellschaften, ihren Organen und Gesellschaftern<\/li>\n<\/ul>\n<p>&nbsp;<\/p>\n<p>[\/et_pb_text][\/et_pb_column][\/et_pb_row][et_pb_row _builder_version=&#8221;4.8.1&#8243; _module_preset=&#8221;default&#8221; custom_padding=&#8221;||30px||false|false&#8221;][et_pb_column type=&#8221;4_4&#8243; _builder_version=&#8221;4.7.7&#8243; _module_preset=&#8221;default&#8221;][et_pb_text admin_label=&#8221;Text&#8221; _builder_version=&#8221;4.8.1&#8243; _module_preset=&#8221;default&#8221; header_2_font=&#8221;|||on|||||&#8221; header_2_text_color=&#8221;#80bc02 &#8221; header_3_font=&#8221;||||||||&#8221; header_3_text_color=&#8221;666&#8243;]<\/p>\n<p>F\u00fcr K\u00fcnstler*innen, kleine Start-Ups, Organisationen und Privatpersonen ohne ausreichende Mittel bieten wir bis zur Wiederer\u00f6ffnung des Holzmarkts unsere kostenlose Rechtsberatung \u00fcbergangsweise <strong>jeden Freitag von 14 bis 17 Uhr<\/strong> in unseren Kanzleir\u00e4umen an.<\/p>\n<p>Bitte per <a href=\"mailto: kanzlei@ra-juedemann\">E-Mail<\/a> oder telefonisch bei uns anmelden.<\/p>\n<p>[\/et_pb_text][\/et_pb_column][\/et_pb_row][et_pb_row _builder_version=&#8221;4.6.6&#8243; _module_preset=&#8221;default&#8221; background_color=&#8221;rgba(0,0,0,0)&#8221; custom_margin=&#8221;||||false|false&#8221; custom_padding=&#8221;30px|0px|30px|0px|false|false&#8221;][et_pb_column type=&#8221;4_4&#8243; _builder_version=&#8221;4.6.6&#8243; _module_preset=&#8221;default&#8221;][et_pb_blurb image=&#8221;https:\/\/ra-juedemann.de\/wp-content\/uploads\/2021\/01\/GESELLSCHAFTSRECHT.png&#8221; icon_placement=&#8221;left&#8221; content_max_width=&#8221;80%&#8221; disabled_on=&#8221;on|off|off&#8221; admin_label=&#8221;Informationstext&#8221; module_class=&#8221;abmahnung&#8221; _builder_version=&#8221;4.9.0&#8243; _module_preset=&#8221;default&#8221; header_level=&#8221;h1&#8243; header_font=&#8221;|600||on|||||&#8221; header_font_size=&#8221;20px&#8221; header_line_height=&#8221;1.3em&#8221; body_font=&#8221;|600||on|||||&#8221; body_font_size=&#8221;20px&#8221; background_color=&#8221;#80bc02 &#8221; background_layout=&#8221;dark&#8221; custom_margin=&#8221;|0px||0px|false|false&#8221; custom_padding=&#8221;20px||30px||false|false&#8221; box_shadow_style=&#8221;preset3&#8243;]<\/p>\n<p style=\"margin-top: 16px;\">Sollten Sie rechtliche Beratung zum Gesellschaftsrecht ben\u00f6tigen, bieten wir eine erste kostenlose telefonische Einsch\u00e4tzung an.<\/p>\n<p>Rufen Sie uns an: <strong>030 88 70 23 80<\/strong><\/p>\n<p>[\/et_pb_blurb][et_pb_blurb image=&#8221;https:\/\/ra-juedemann.de\/wp-content\/uploads\/2021\/01\/GESELLSCHAFTSRECHT.png&#8221; content_max_width=&#8221;94%&#8221; disabled_on=&#8221;off|on|on&#8221; admin_label=&#8221;Informationstext&#8221; module_class=&#8221;abmahnung&#8221; _builder_version=&#8221;4.9.0&#8243; _module_preset=&#8221;default&#8221; header_level=&#8221;h1&#8243; header_font=&#8221;|600||on|||||&#8221; header_font_size=&#8221;20px&#8221; header_line_height=&#8221;1.3em&#8221; body_font=&#8221;|600||on|||||&#8221; body_font_size=&#8221;18px&#8221; body_link_text_color=&#8221;#000000&#8243; background_color=&#8221;#80bc02 &#8221; background_layout=&#8221;dark&#8221; custom_margin=&#8221;|0px||0px|false|false&#8221; custom_padding=&#8221;20px||30px||false|false&#8221; box_shadow_style=&#8221;preset3&#8243;]<\/p>\n<p style=\"margin-top: 16px; text-align: center;\">Sollten Sie rechtliche Beratung <br \/>zum Gesellschaftsrecht ben\u00f6tigen, <br \/>bieten wir eine erste kostenlose <br \/>telefonische Einsch\u00e4tzung an.<\/p>\n<p style=\"text-align: center;\">Rufen Sie uns an: <br \/><strong>030 88 70 23 80<\/strong><\/p>\n<p>[\/et_pb_blurb][\/et_pb_column][\/et_pb_row][\/et_pb_section][et_pb_section fb_built=&#8221;1&#8243; _builder_version=&#8221;4.6.6&#8243; _module_preset=&#8221;default&#8221; custom_margin=&#8221;30px||||false|false&#8221; custom_padding=&#8221;30px||||false|false&#8221;][et_pb_row _builder_version=&#8221;4.6.6&#8243; _module_preset=&#8221;default&#8221; custom_padding=&#8221;0px||||false|false&#8221;][et_pb_column type=&#8221;4_4&#8243; _builder_version=&#8221;4.6.6&#8243; _module_preset=&#8221;default&#8221;][et_pb_text admin_label=&#8221;H2&#8243; _builder_version=&#8221;4.8.1&#8243; _module_preset=&#8221;default&#8221; header_2_text_color=&#8221;#80bc02 &#8221; custom_margin=&#8221;||0px||false|false&#8221; custom_padding=&#8221;||0px||false|false&#8221;]<\/p>\n<h2>Aktuelle Beitr\u00e4ge zum Gesellschaftsrecht<\/h2>\n<p>[\/et_pb_text][et_pb_blog posts_number=&#8221;12&#8243; include_categories=&#8221;1578&#8243; show_more=&#8221;on&#8221; show_author=&#8221;off&#8221; module_class=&#8221;dt-blog&#8221; _builder_version=&#8221;4.9.1&#8243; _module_preset=&#8221;default&#8221; header_text_color=&#8221;#80bc02 &#8220;][\/et_pb_blog][\/et_pb_column][\/et_pb_row][\/et_pb_section][et_pb_section fb_built=&#8221;1&#8243; fullwidth=&#8221;on&#8221; _builder_version=&#8221;4.6.6&#8243; _module_preset=&#8221;default&#8221;][et_pb_fullwidth_map address=&#8221;Schl\u00fcterstra\u00dfe 37, 10629 Berlin, Deutschland&#8221; address_lat=&#8221;52.5022408&#8243; address_lng=&#8221;13.3165718&#8243; mouse_wheel=&#8221;off&#8221; _builder_version=&#8221;4.6.6&#8243; _module_preset=&#8221;default&#8221; child_filter_saturate=&#8221;0%&#8221;][et_pb_map_pin title=&#8221;J\u00fcdemann Rechtsanw\u00e4lte&#8221; pin_address=&#8221;Schl\u00fcterstra\u00dfe 37, 10629 Berlin, Deutschland&#8221; zoom_level=&#8221;14&#8243; pin_address_lat=&#8221;52.5022408&#8243; pin_address_lng=&#8221;13.3165718&#8243; _builder_version=&#8221;4.6.6&#8243; _module_preset=&#8221;default&#8221;][\/et_pb_map_pin][\/et_pb_fullwidth_map][\/et_pb_section]<\/p>\n","protected":false},"excerpt":{"rendered":"<p>Anwalt f\u00fcr Gesellschaftsrecht Wir beraten und vertreten Sie in gesellschaftsrechtlichen Angelegenheiten. Unsere Leistungen richten sich an Start-Ups sowie kleine und mittelst\u00e4ndische Unternehmen (KMU). Unser Leistungsspektrum reicht von Gestaltungen in der Gr\u00fcndungsphase von Personen- und Kapitalgesellschaften, \u00fcber ihre Umwandlung und Aufl\u00f6sung, bis hin zu Ihrer au\u00dfergerichtlichen sowie gerichtlichen Vertretung im Falle gesellschaftsrechtlicher Konflikte.Schl\u00fcterstra\u00dfe 37, D-10629 Berlin, [&hellip;]<\/p>\n","protected":false},"author":3,"featured_media":13863,"parent":0,"menu_order":0,"comment_status":"closed","ping_status":"closed","template":"","meta":{"_et_pb_use_builder":"on","_et_pb_old_content":"","_et_gb_content_width":"","footnotes":""},"class_list":["post-13885","page","type-page","status-publish","has-post-thumbnail","hentry"],"yoast_head":"<!-- This site is optimized with the Yoast SEO plugin v27.4 - https:\/\/yoast.com\/product\/yoast-seo-wordpress\/ -->\n<title>Anwalt f\u00fcr Gesellschaftsrecht<\/title>\n<meta name=\"description\" content=\"Anwalt f\u00fcr Gesellschaftsrecht - Wir beraten und vertreten Sie in gesellschaftsrechtlichen Angelegenheiten. Unsere Leistungen richten sich an Start-Ups sowie kleine und mittelst\u00e4ndische Unternehmen.\" \/>\n<meta name=\"robots\" content=\"index, follow, max-snippet:-1, max-image-preview:large, max-video-preview:-1\" \/>\n<link rel=\"canonical\" href=\"https:\/\/ra-juedemann.de\/en\/anwalt-gesellschaftsrecht-berlin\/\" \/>\n<meta property=\"og:locale\" content=\"en_US\" \/>\n<meta property=\"og:type\" content=\"article\" \/>\n<meta property=\"og:title\" content=\"Anwalt f\u00fcr Gesellschaftsrecht\" \/>\n<meta property=\"og:description\" content=\"Anwalt f\u00fcr Gesellschaftsrecht - Wir beraten und vertreten Sie in gesellschaftsrechtlichen Angelegenheiten. Unsere Leistungen richten sich an Start-Ups sowie kleine und mittelst\u00e4ndische Unternehmen.\" \/>\n<meta property=\"og:url\" content=\"https:\/\/ra-juedemann.de\/en\/anwalt-gesellschaftsrecht-berlin\/\" \/>\n<meta property=\"og:site_name\" content=\"J\u00fcdemann Rechtsanw\u00e4lte\" \/>\n<meta property=\"article:modified_time\" content=\"2021-08-27T09:33:59+00:00\" \/>\n<meta property=\"og:image\" content=\"https:\/\/ra-juedemann.de\/wp-content\/uploads\/2019\/05\/IMG_6372-002-web.jpg\" \/>\n\t<meta property=\"og:image:width\" content=\"1103\" \/>\n\t<meta property=\"og:image:height\" content=\"853\" \/>\n\t<meta property=\"og:image:type\" content=\"image\/jpeg\" \/>\n<meta name=\"twitter:label1\" content=\"Est. reading time\" \/>\n\t<meta name=\"twitter:data1\" content=\"8 minutes\" \/>\n<script type=\"application\/ld+json\" class=\"yoast-schema-graph\">{\"@context\":\"https:\\\/\\\/schema.org\",\"@graph\":[{\"@type\":\"WebPage\",\"@id\":\"https:\\\/\\\/ra-juedemann.de\\\/en\\\/anwalt-gesellschaftsrecht-berlin\\\/\",\"url\":\"https:\\\/\\\/ra-juedemann.de\\\/en\\\/anwalt-gesellschaftsrecht-berlin\\\/\",\"name\":\"Anwalt f\u00fcr Gesellschaftsrecht\",\"isPartOf\":{\"@id\":\"https:\\\/\\\/ra-juedemann.de\\\/#website\"},\"primaryImageOfPage\":{\"@id\":\"https:\\\/\\\/ra-juedemann.de\\\/en\\\/anwalt-gesellschaftsrecht-berlin\\\/#primaryimage\"},\"image\":{\"@id\":\"https:\\\/\\\/ra-juedemann.de\\\/en\\\/anwalt-gesellschaftsrecht-berlin\\\/#primaryimage\"},\"thumbnailUrl\":\"https:\\\/\\\/ra-juedemann.de\\\/wp-content\\\/uploads\\\/2019\\\/05\\\/IMG_6372-002-web.jpg\",\"datePublished\":\"2021-01-27T09:53:11+00:00\",\"dateModified\":\"2021-08-27T09:33:59+00:00\",\"description\":\"Anwalt f\u00fcr Gesellschaftsrecht - Wir beraten und vertreten Sie in gesellschaftsrechtlichen Angelegenheiten. Unsere Leistungen richten sich an Start-Ups sowie kleine und mittelst\u00e4ndische Unternehmen.\",\"breadcrumb\":{\"@id\":\"https:\\\/\\\/ra-juedemann.de\\\/en\\\/anwalt-gesellschaftsrecht-berlin\\\/#breadcrumb\"},\"inLanguage\":\"en-US\",\"potentialAction\":[{\"@type\":\"ReadAction\",\"target\":[\"https:\\\/\\\/ra-juedemann.de\\\/en\\\/anwalt-gesellschaftsrecht-berlin\\\/\"]}]},{\"@type\":\"ImageObject\",\"inLanguage\":\"en-US\",\"@id\":\"https:\\\/\\\/ra-juedemann.de\\\/en\\\/anwalt-gesellschaftsrecht-berlin\\\/#primaryimage\",\"url\":\"https:\\\/\\\/ra-juedemann.de\\\/wp-content\\\/uploads\\\/2019\\\/05\\\/IMG_6372-002-web.jpg\",\"contentUrl\":\"https:\\\/\\\/ra-juedemann.de\\\/wp-content\\\/uploads\\\/2019\\\/05\\\/IMG_6372-002-web.jpg\",\"width\":1103,\"height\":853},{\"@type\":\"BreadcrumbList\",\"@id\":\"https:\\\/\\\/ra-juedemann.de\\\/en\\\/anwalt-gesellschaftsrecht-berlin\\\/#breadcrumb\",\"itemListElement\":[{\"@type\":\"ListItem\",\"position\":1,\"name\":\"Home\",\"item\":\"https:\\\/\\\/ra-juedemann.de\\\/en\\\/\"},{\"@type\":\"ListItem\",\"position\":2,\"name\":\"Anwalt f\u00fcr Gesellschaftsrecht\"}]},{\"@type\":\"WebSite\",\"@id\":\"https:\\\/\\\/ra-juedemann.de\\\/#website\",\"url\":\"https:\\\/\\\/ra-juedemann.de\\\/\",\"name\":\"J\u00fcdemann Rechtsanw\u00e4lte\",\"description\":\"Anwalt f\u00fcr Medien- und Urheberrecht in Berlin\",\"publisher\":{\"@id\":\"https:\\\/\\\/ra-juedemann.de\\\/#organization\"},\"potentialAction\":[{\"@type\":\"SearchAction\",\"target\":{\"@type\":\"EntryPoint\",\"urlTemplate\":\"https:\\\/\\\/ra-juedemann.de\\\/?s={search_term_string}\"},\"query-input\":{\"@type\":\"PropertyValueSpecification\",\"valueRequired\":true,\"valueName\":\"search_term_string\"}}],\"inLanguage\":\"en-US\"},{\"@type\":\"Organization\",\"@id\":\"https:\\\/\\\/ra-juedemann.de\\\/#organization\",\"name\":\"J\u00dcDEMANN RECHTSANW\u00c4LTE\",\"url\":\"https:\\\/\\\/ra-juedemann.de\\\/\",\"logo\":{\"@type\":\"ImageObject\",\"inLanguage\":\"en-US\",\"@id\":\"https:\\\/\\\/ra-juedemann.de\\\/#\\\/schema\\\/logo\\\/image\\\/\",\"url\":\"https:\\\/\\\/ra-juedemann.de\\\/wp-content\\\/uploads\\\/2019\\\/05\\\/IMG_7727.jpg\",\"contentUrl\":\"https:\\\/\\\/ra-juedemann.de\\\/wp-content\\\/uploads\\\/2019\\\/05\\\/IMG_7727.jpg\",\"width\":992,\"height\":768,\"caption\":\"J\u00dcDEMANN RECHTSANW\u00c4LTE\"},\"image\":{\"@id\":\"https:\\\/\\\/ra-juedemann.de\\\/#\\\/schema\\\/logo\\\/image\\\/\"}}]}<\/script>\n<!-- \/ Yoast SEO plugin. -->","yoast_head_json":{"title":"Anwalt f\u00fcr Gesellschaftsrecht","description":"Anwalt f\u00fcr Gesellschaftsrecht - Wir beraten und vertreten Sie in gesellschaftsrechtlichen Angelegenheiten. Unsere Leistungen richten sich an Start-Ups sowie kleine und mittelst\u00e4ndische Unternehmen.","robots":{"index":"index","follow":"follow","max-snippet":"max-snippet:-1","max-image-preview":"max-image-preview:large","max-video-preview":"max-video-preview:-1"},"canonical":"https:\/\/ra-juedemann.de\/en\/anwalt-gesellschaftsrecht-berlin\/","og_locale":"en_US","og_type":"article","og_title":"Anwalt f\u00fcr Gesellschaftsrecht","og_description":"Anwalt f\u00fcr Gesellschaftsrecht - Wir beraten und vertreten Sie in gesellschaftsrechtlichen Angelegenheiten. Unsere Leistungen richten sich an Start-Ups sowie kleine und mittelst\u00e4ndische Unternehmen.","og_url":"https:\/\/ra-juedemann.de\/en\/anwalt-gesellschaftsrecht-berlin\/","og_site_name":"J\u00fcdemann Rechtsanw\u00e4lte","article_modified_time":"2021-08-27T09:33:59+00:00","og_image":[{"width":1103,"height":853,"url":"https:\/\/ra-juedemann.de\/wp-content\/uploads\/2019\/05\/IMG_6372-002-web.jpg","type":"image\/jpeg"}],"twitter_misc":{"Est. reading time":"8 minutes"},"schema":{"@context":"https:\/\/schema.org","@graph":[{"@type":"WebPage","@id":"https:\/\/ra-juedemann.de\/en\/anwalt-gesellschaftsrecht-berlin\/","url":"https:\/\/ra-juedemann.de\/en\/anwalt-gesellschaftsrecht-berlin\/","name":"Anwalt f\u00fcr Gesellschaftsrecht","isPartOf":{"@id":"https:\/\/ra-juedemann.de\/#website"},"primaryImageOfPage":{"@id":"https:\/\/ra-juedemann.de\/en\/anwalt-gesellschaftsrecht-berlin\/#primaryimage"},"image":{"@id":"https:\/\/ra-juedemann.de\/en\/anwalt-gesellschaftsrecht-berlin\/#primaryimage"},"thumbnailUrl":"https:\/\/ra-juedemann.de\/wp-content\/uploads\/2019\/05\/IMG_6372-002-web.jpg","datePublished":"2021-01-27T09:53:11+00:00","dateModified":"2021-08-27T09:33:59+00:00","description":"Anwalt f\u00fcr Gesellschaftsrecht - Wir beraten und vertreten Sie in gesellschaftsrechtlichen Angelegenheiten. Unsere Leistungen richten sich an Start-Ups sowie kleine und mittelst\u00e4ndische Unternehmen.","breadcrumb":{"@id":"https:\/\/ra-juedemann.de\/en\/anwalt-gesellschaftsrecht-berlin\/#breadcrumb"},"inLanguage":"en-US","potentialAction":[{"@type":"ReadAction","target":["https:\/\/ra-juedemann.de\/en\/anwalt-gesellschaftsrecht-berlin\/"]}]},{"@type":"ImageObject","inLanguage":"en-US","@id":"https:\/\/ra-juedemann.de\/en\/anwalt-gesellschaftsrecht-berlin\/#primaryimage","url":"https:\/\/ra-juedemann.de\/wp-content\/uploads\/2019\/05\/IMG_6372-002-web.jpg","contentUrl":"https:\/\/ra-juedemann.de\/wp-content\/uploads\/2019\/05\/IMG_6372-002-web.jpg","width":1103,"height":853},{"@type":"BreadcrumbList","@id":"https:\/\/ra-juedemann.de\/en\/anwalt-gesellschaftsrecht-berlin\/#breadcrumb","itemListElement":[{"@type":"ListItem","position":1,"name":"Home","item":"https:\/\/ra-juedemann.de\/en\/"},{"@type":"ListItem","position":2,"name":"Anwalt f\u00fcr Gesellschaftsrecht"}]},{"@type":"WebSite","@id":"https:\/\/ra-juedemann.de\/#website","url":"https:\/\/ra-juedemann.de\/","name":"J\u00fcdemann Rechtsanw\u00e4lte","description":"Anwalt f\u00fcr Medien- und Urheberrecht in Berlin","publisher":{"@id":"https:\/\/ra-juedemann.de\/#organization"},"potentialAction":[{"@type":"SearchAction","target":{"@type":"EntryPoint","urlTemplate":"https:\/\/ra-juedemann.de\/?s={search_term_string}"},"query-input":{"@type":"PropertyValueSpecification","valueRequired":true,"valueName":"search_term_string"}}],"inLanguage":"en-US"},{"@type":"Organization","@id":"https:\/\/ra-juedemann.de\/#organization","name":"J\u00dcDEMANN RECHTSANW\u00c4LTE","url":"https:\/\/ra-juedemann.de\/","logo":{"@type":"ImageObject","inLanguage":"en-US","@id":"https:\/\/ra-juedemann.de\/#\/schema\/logo\/image\/","url":"https:\/\/ra-juedemann.de\/wp-content\/uploads\/2019\/05\/IMG_7727.jpg","contentUrl":"https:\/\/ra-juedemann.de\/wp-content\/uploads\/2019\/05\/IMG_7727.jpg","width":992,"height":768,"caption":"J\u00dcDEMANN RECHTSANW\u00c4LTE"},"image":{"@id":"https:\/\/ra-juedemann.de\/#\/schema\/logo\/image\/"}}]}},"_links":{"self":[{"href":"https:\/\/ra-juedemann.de\/en\/wp-json\/wp\/v2\/pages\/13885","targetHints":{"allow":["GET"]}}],"collection":[{"href":"https:\/\/ra-juedemann.de\/en\/wp-json\/wp\/v2\/pages"}],"about":[{"href":"https:\/\/ra-juedemann.de\/en\/wp-json\/wp\/v2\/types\/page"}],"author":[{"embeddable":true,"href":"https:\/\/ra-juedemann.de\/en\/wp-json\/wp\/v2\/users\/3"}],"replies":[{"embeddable":true,"href":"https:\/\/ra-juedemann.de\/en\/wp-json\/wp\/v2\/comments?post=13885"}],"version-history":[{"count":0,"href":"https:\/\/ra-juedemann.de\/en\/wp-json\/wp\/v2\/pages\/13885\/revisions"}],"wp:featuredmedia":[{"embeddable":true,"href":"https:\/\/ra-juedemann.de\/en\/wp-json\/wp\/v2\/media\/13863"}],"wp:attachment":[{"href":"https:\/\/ra-juedemann.de\/en\/wp-json\/wp\/v2\/media?parent=13885"}],"curies":[{"name":"wp","href":"https:\/\/api.w.org\/{rel}","templated":true}]}}